{"id":269,"date":"2025-05-23T07:31:30","date_gmt":"2025-05-23T05:31:30","guid":{"rendered":"http:\/\/xiscofeijoo.clientes.galiciadigital.com\/?page_id=269"},"modified":"2025-05-28T14:09:05","modified_gmt":"2025-05-28T12:09:05","slug":"bio","status":"publish","type":"page","link":"https:\/\/xiscofeijoo.com\/es\/bio\/","title":{"rendered":"Bio"},"content":{"rendered":"<div data-elementor-type=\"wp-page\" data-elementor-id=\"269\" class=\"elementor elementor-269\" data-elementor-post-type=\"page\">\n\t\t\t\t<div class=\"elementor-element elementor-element-16a0586 e-con-full e-flex e-con e-parent\" data-id=\"16a0586\" data-element_type=\"container\">\n\t\t\t\t<div class=\"elementor-element elementor-element-bc9d0ad elementor-widget elementor-widget-image\" data-id=\"bc9d0ad\" data-element_type=\"widget\" data-widget_type=\"image.default\">\n\t\t\t\t<div class=\"elementor-widget-container\">\n\t\t\t\t\t\t\t\t\t\t\t\t\t\t\t<img fetchpriority=\"high\" decoding=\"async\" width=\"1920\" height=\"431\" src=\"https:\/\/xiscofeijoo.com\/wp-content\/uploads\/2025\/05\/Hero-Bio.png\" class=\"attachment-full size-full wp-image-272\" alt=\"\" srcset=\"https:\/\/xiscofeijoo.com\/wp-content\/uploads\/2025\/05\/Hero-Bio.png 1920w, https:\/\/xiscofeijoo.com\/wp-content\/uploads\/2025\/05\/Hero-Bio-300x67.png 300w, https:\/\/xiscofeijoo.com\/wp-content\/uploads\/2025\/05\/Hero-Bio-1024x230.png 1024w, https:\/\/xiscofeijoo.com\/wp-content\/uploads\/2025\/05\/Hero-Bio-768x172.png 768w, https:\/\/xiscofeijoo.com\/wp-content\/uploads\/2025\/05\/Hero-Bio-1536x345.png 1536w, https:\/\/xiscofeijoo.com\/wp-content\/uploads\/2025\/05\/Hero-Bio-18x4.png 18w\" sizes=\"(max-width: 1920px) 100vw, 1920px\" \/>\t\t\t\t\t\t\t\t\t\t\t\t\t\t\t<\/div>\n\t\t\t\t<\/div>\n\t\t\t\t<\/div>\n\t\t<div class=\"elementor-element elementor-element-07f33aa e-flex e-con-boxed e-con e-parent\" data-id=\"07f33aa\" data-element_type=\"container\">\n\t\t\t\t\t<div class=\"e-con-inner\">\n\t\t\t\t<div class=\"elementor-element elementor-element-f6efb5a elementor-widget elementor-widget-text-editor\" data-id=\"f6efb5a\" data-element_type=\"widget\" data-widget_type=\"text-editor.default\">\n\t\t\t\t<div class=\"elementor-widget-container\">\n\t\t\t\t\t\t\t\t\t<p>Cantante, premiado bailador, core\u00f3grafo, presentador de televisi\u00f3n, maestro de la ETRAD y coordinador de la secci\u00f3n de canto de la OFG SonDeSeu desde el 2001, donde tambi\u00e9n es core\u00f3grafo. Despu\u00e9s de haber hecho un incesante trabajo de recuperaci\u00f3n etnogr\u00e1fica durante m\u00e1s de treinta a\u00f1os y habiendo colaborado en m\u00e1s de veinte discos y espect\u00e1culos de artistas de proyecci\u00f3n internacional como Mercedes Pe\u00f3n, Xos\u00e9 Manuel Budi\u00f1o, Carlos Nu\u00f1ez, Kepa Junquera, Berrog\u00fcetto o Rodr\u00edgo Roman\u00ed, entre otros, se atreve en 2022 a lanzar su propio trabajo discogr\u00e1fico: Peixe.<\/p>\t\t\t\t\t\t\t\t<\/div>\n\t\t\t\t<\/div>\n\t\t\t\t\t<\/div>\n\t\t\t\t<\/div>\n\t\t<div class=\"elementor-element elementor-element-49bbbf5 e-con-full e-flex e-con e-parent\" data-id=\"49bbbf5\" data-element_type=\"container\" data-settings=\"{&quot;background_background&quot;:&quot;classic&quot;}\">\n\t\t\t\t<div class=\"elementor-element elementor-element-f338617 elementor-widget elementor-widget-heading\" data-id=\"f338617\" data-element_type=\"widget\" data-widget_type=\"heading.default\">\n\t\t\t\t<div class=\"elementor-widget-container\">\n\t\t\t\t\t<h4 class=\"elementor-heading-title elementor-size-default\">Algunas apariciones<\/h4>\t\t\t\t<\/div>\n\t\t\t\t<\/div>\n\t\t\t\t<div class=\"elementor-element elementor-element-99b50ea elementor-skin-carousel elementor-arrows-yes elementor-pagination-type-bullets elementor-pagination-position-outside elementor-widget elementor-widget-media-carousel\" data-id=\"99b50ea\" data-element_type=\"widget\" data-settings=\"{&quot;skin&quot;:&quot;carousel&quot;,&quot;effect&quot;:&quot;slide&quot;,&quot;show_arrows&quot;:&quot;yes&quot;,&quot;pagination&quot;:&quot;bullets&quot;,&quot;speed&quot;:500,&quot;autoplay&quot;:&quot;yes&quot;,&quot;autoplay_speed&quot;:5000,&quot;loop&quot;:&quot;yes&quot;,&quot;pause_on_hover&quot;:&quot;yes&quot;,&quot;pause_on_interaction&quot;:&quot;yes&quot;,&quot;space_between&quot;:{&quot;unit&quot;:&quot;px&quot;,&quot;size&quot;:10,&quot;sizes&quot;:[]},&quot;space_between_tablet&quot;:{&quot;unit&quot;:&quot;px&quot;,&quot;size&quot;:10,&quot;sizes&quot;:[]},&quot;space_between_mobile&quot;:{&quot;unit&quot;:&quot;px&quot;,&quot;size&quot;:10,&quot;sizes&quot;:[]}}\" data-widget_type=\"media-carousel.default\">\n\t\t\t\t<div class=\"elementor-widget-container\">\n\t\t\t\t\t\t\t\t\t<div class=\"elementor-swiper\">\n\t\t\t\t\t<div class=\"elementor-main-swiper swiper\" role=\"region\" aria-roledescription=\"carousel\" aria-label=\"Slides\">\n\t\t\t\t<div class=\"swiper-wrapper\">\n\t\t\t\t\t\t\t\t\t\t\t<div class=\"swiper-slide\" role=\"group\" aria-roledescription=\"slide\">\n\t\t\t\t\t\t\t<a href=\"https:\/\/xiscofeijoo.com\/wp-content\/uploads\/2025\/05\/Captura-desde-2025-05-23-09-21-18.png\" data-elementor-open-lightbox=\"yes\" data-elementor-lightbox-slideshow=\"99b50ea\" data-elementor-lightbox-title=\"Captura desde 2025-05-23 09-21-18\" data-e-action-hash=\"#elementor-action%3Aaction%3Dlightbox%26settings%3DeyJpZCI6Mjc3LCJ1cmwiOiJodHRwczpcL1wveGlzY29mZWlqb28uY29tXC93cC1jb250ZW50XC91cGxvYWRzXC8yMDI1XC8wNVwvQ2FwdHVyYS1kZXNkZS0yMDI1LTA1LTIzLTA5LTIxLTE4LnBuZyIsInNsaWRlc2hvdyI6Ijk5YjUwZWEifQ%3D%3D\" data-elementor-lightbox-video=\"https:\/\/www.youtube.com\/embed\/wtEob2vXaSM?feature=oembed&amp;autoplay=1&amp;rel=0&amp;controls=0\">\t\t<div class=\"elementor-carousel-image\" role=\"img\" aria-label=\"Captura desde 2025-05-23 09-21-18\" style=\"background-image: url(&#039;https:\/\/xiscofeijoo.com\/wp-content\/uploads\/2025\/05\/Captura-desde-2025-05-23-09-21-18.png&#039;)\">\n\n\t\t\t\n\t\t\t\t\t\t\t<div class=\"elementor-custom-embed-play\">\n\t\t\t\t\t<svg aria-hidden=\"true\" class=\"e-font-icon-svg e-eicon-play\" viewbox=\"0 0 1000 1000\" xmlns=\"http:\/\/www.w3.org\/2000\/svg\"><path d=\"M838 162C746 71 633 25 500 25 371 25 258 71 163 162 71 254 25 367 25 500 25 633 71 746 163 837 254 929 367 979 500 979 633 979 746 933 838 837 929 746 975 633 975 500 975 367 929 254 838 162M808 192C892 279 933 379 933 500 933 621 892 725 808 808 725 892 621 938 500 938 379 938 279 896 196 808 113 725 67 621 67 500 67 379 108 279 196 192 279 108 383 62 500 62 621 62 721 108 808 192M438 392V642L642 517 438 392Z\"><\/path><\/svg>\t\t\t\t\t<span class=\"elementor-screen-only\">Play<\/span>\n\t\t\t\t<\/div>\n\t\t\t\t\t<\/div>\n\t\t<\/a>\t\t\t\t\t\t<\/div>\n\t\t\t\t\t\t\t\t\t\t\t<div class=\"swiper-slide\" role=\"group\" aria-roledescription=\"slide\">\n\t\t\t\t\t\t\t<a href=\"https:\/\/xiscofeijoo.com\/wp-content\/uploads\/2025\/05\/Captura-desde-2025-05-23-09-24-18.png\" data-elementor-open-lightbox=\"yes\" data-elementor-lightbox-slideshow=\"99b50ea\" data-elementor-lightbox-title=\"Captura desde 2025-05-23 09-24-18\" data-e-action-hash=\"#elementor-action%3Aaction%3Dlightbox%26settings%3DeyJpZCI6Mjc4LCJ1cmwiOiJodHRwczpcL1wveGlzY29mZWlqb28uY29tXC93cC1jb250ZW50XC91cGxvYWRzXC8yMDI1XC8wNVwvQ2FwdHVyYS1kZXNkZS0yMDI1LTA1LTIzLTA5LTI0LTE4LnBuZyIsInNsaWRlc2hvdyI6Ijk5YjUwZWEifQ%3D%3D\" data-elementor-lightbox-video=\"https:\/\/www.youtube.com\/embed\/wtEob2vXaSM?feature=oembed&amp;autoplay=1&amp;rel=0&amp;controls=0\">\t\t<div class=\"elementor-carousel-image\" role=\"img\" aria-label=\"Captura desde 2025-05-23 09-24-18\" style=\"background-image: url(&#039;https:\/\/xiscofeijoo.com\/wp-content\/uploads\/2025\/05\/Captura-desde-2025-05-23-09-24-18.png&#039;)\">\n\n\t\t\t\n\t\t\t\t\t\t\t<div class=\"elementor-custom-embed-play\">\n\t\t\t\t\t<svg aria-hidden=\"true\" class=\"e-font-icon-svg e-eicon-play\" viewbox=\"0 0 1000 1000\" xmlns=\"http:\/\/www.w3.org\/2000\/svg\"><path d=\"M838 162C746 71 633 25 500 25 371 25 258 71 163 162 71 254 25 367 25 500 25 633 71 746 163 837 254 929 367 979 500 979 633 979 746 933 838 837 929 746 975 633 975 500 975 367 929 254 838 162M808 192C892 279 933 379 933 500 933 621 892 725 808 808 725 892 621 938 500 938 379 938 279 896 196 808 113 725 67 621 67 500 67 379 108 279 196 192 279 108 383 62 500 62 621 62 721 108 808 192M438 392V642L642 517 438 392Z\"><\/path><\/svg>\t\t\t\t\t<span class=\"elementor-screen-only\">Play<\/span>\n\t\t\t\t<\/div>\n\t\t\t\t\t<\/div>\n\t\t<\/a>\t\t\t\t\t\t<\/div>\n\t\t\t\t\t\t\t\t\t\t\t<div class=\"swiper-slide\" role=\"group\" aria-roledescription=\"slide\">\n\t\t\t\t\t\t\t<a href=\"https:\/\/xiscofeijoo.com\/wp-content\/uploads\/2025\/05\/Captura-desde-2025-05-23-09-24-56.png\" data-elementor-open-lightbox=\"yes\" data-elementor-lightbox-slideshow=\"99b50ea\" data-elementor-lightbox-title=\"Captura desde 2025-05-23 09-24-56\" data-e-action-hash=\"#elementor-action%3Aaction%3Dlightbox%26settings%3DeyJpZCI6Mjc5LCJ1cmwiOiJodHRwczpcL1wveGlzY29mZWlqb28uY29tXC93cC1jb250ZW50XC91cGxvYWRzXC8yMDI1XC8wNVwvQ2FwdHVyYS1kZXNkZS0yMDI1LTA1LTIzLTA5LTI0LTU2LnBuZyIsInNsaWRlc2hvdyI6Ijk5YjUwZWEifQ%3D%3D\" data-elementor-lightbox-video=\"https:\/\/www.youtube.com\/embed\/vhZyUh_hhaM?feature=oembed&amp;autoplay=1&amp;rel=0&amp;controls=0\">\t\t<div class=\"elementor-carousel-image\" role=\"img\" aria-label=\"Captura desde 2025-05-23 09-24-56\" style=\"background-image: url(&#039;https:\/\/xiscofeijoo.com\/wp-content\/uploads\/2025\/05\/Captura-desde-2025-05-23-09-24-56.png&#039;)\">\n\n\t\t\t\n\t\t\t\t\t\t\t<div class=\"elementor-custom-embed-play\">\n\t\t\t\t\t<svg aria-hidden=\"true\" class=\"e-font-icon-svg e-eicon-play\" viewbox=\"0 0 1000 1000\" xmlns=\"http:\/\/www.w3.org\/2000\/svg\"><path d=\"M838 162C746 71 633 25 500 25 371 25 258 71 163 162 71 254 25 367 25 500 25 633 71 746 163 837 254 929 367 979 500 979 633 979 746 933 838 837 929 746 975 633 975 500 975 367 929 254 838 162M808 192C892 279 933 379 933 500 933 621 892 725 808 808 725 892 621 938 500 938 379 938 279 896 196 808 113 725 67 621 67 500 67 379 108 279 196 192 279 108 383 62 500 62 621 62 721 108 808 192M438 392V642L642 517 438 392Z\"><\/path><\/svg>\t\t\t\t\t<span class=\"elementor-screen-only\">Play<\/span>\n\t\t\t\t<\/div>\n\t\t\t\t\t<\/div>\n\t\t<\/a>\t\t\t\t\t\t<\/div>\n\t\t\t\t\t\t\t\t\t\t\t<div class=\"swiper-slide\" role=\"group\" aria-roledescription=\"slide\">\n\t\t\t\t\t\t\t<a href=\"https:\/\/xiscofeijoo.com\/wp-content\/uploads\/2025\/05\/Captura-desde-2025-05-23-09-25-51.png\" data-elementor-open-lightbox=\"yes\" data-elementor-lightbox-slideshow=\"99b50ea\" data-elementor-lightbox-title=\"Captura desde 2025-05-23 09-25-51\" data-e-action-hash=\"#elementor-action%3Aaction%3Dlightbox%26settings%3DeyJpZCI6MjgwLCJ1cmwiOiJodHRwczpcL1wveGlzY29mZWlqb28uY29tXC93cC1jb250ZW50XC91cGxvYWRzXC8yMDI1XC8wNVwvQ2FwdHVyYS1kZXNkZS0yMDI1LTA1LTIzLTA5LTI1LTUxLnBuZyIsInNsaWRlc2hvdyI6Ijk5YjUwZWEifQ%3D%3D\" data-elementor-lightbox-video=\"https:\/\/www.youtube.com\/embed\/X_ODrYHsL28?feature=oembed&amp;autoplay=1&amp;rel=0&amp;controls=0\">\t\t<div class=\"elementor-carousel-image\" role=\"img\" aria-label=\"Captura desde 2025-05-23 09-25-51\" style=\"background-image: url(&#039;https:\/\/xiscofeijoo.com\/wp-content\/uploads\/2025\/05\/Captura-desde-2025-05-23-09-25-51.png&#039;)\">\n\n\t\t\t\n\t\t\t\t\t\t\t<div class=\"elementor-custom-embed-play\">\n\t\t\t\t\t<svg aria-hidden=\"true\" class=\"e-font-icon-svg e-eicon-play\" viewbox=\"0 0 1000 1000\" xmlns=\"http:\/\/www.w3.org\/2000\/svg\"><path d=\"M838 162C746 71 633 25 500 25 371 25 258 71 163 162 71 254 25 367 25 500 25 633 71 746 163 837 254 929 367 979 500 979 633 979 746 933 838 837 929 746 975 633 975 500 975 367 929 254 838 162M808 192C892 279 933 379 933 500 933 621 892 725 808 808 725 892 621 938 500 938 379 938 279 896 196 808 113 725 67 621 67 500 67 379 108 279 196 192 279 108 383 62 500 62 621 62 721 108 808 192M438 392V642L642 517 438 392Z\"><\/path><\/svg>\t\t\t\t\t<span class=\"elementor-screen-only\">Play<\/span>\n\t\t\t\t<\/div>\n\t\t\t\t\t<\/div>\n\t\t<\/a>\t\t\t\t\t\t<\/div>\n\t\t\t\t\t\t\t\t\t<\/div>\n\t\t\t\t\t\t\t\t\t\t\t\t\t\t\t<div class=\"elementor-swiper-button elementor-swiper-button-prev\" role=\"button\" tabindex=\"0\" aria-label=\"Previous\">\n\t\t\t\t\t\t\t<svg aria-hidden=\"true\" class=\"e-font-icon-svg e-eicon-chevron-left\" viewbox=\"0 0 1000 1000\" xmlns=\"http:\/\/www.w3.org\/2000\/svg\"><path d=\"M646 125C629 125 613 133 604 142L308 442C296 454 292 471 292 487 292 504 296 521 308 533L604 854C617 867 629 875 646 875 663 875 679 871 692 858 704 846 713 829 713 812 713 796 708 779 692 767L438 487 692 225C700 217 708 204 708 187 708 171 704 154 692 142 675 129 663 125 646 125Z\"><\/path><\/svg>\t\t\t\t\t\t<\/div>\n\t\t\t\t\t\t<div class=\"elementor-swiper-button elementor-swiper-button-next\" role=\"button\" tabindex=\"0\" aria-label=\"Next\">\n\t\t\t\t\t\t\t<svg aria-hidden=\"true\" class=\"e-font-icon-svg e-eicon-chevron-right\" viewbox=\"0 0 1000 1000\" xmlns=\"http:\/\/www.w3.org\/2000\/svg\"><path d=\"M696 533C708 521 713 504 713 487 713 471 708 454 696 446L400 146C388 133 375 125 354 125 338 125 325 129 313 142 300 154 292 171 292 187 292 204 296 221 308 233L563 492 304 771C292 783 288 800 288 817 288 833 296 850 308 863 321 871 338 875 354 875 371 875 388 867 400 854L696 533Z\"><\/path><\/svg>\t\t\t\t\t\t<\/div>\n\t\t\t\t\t\t\t\t\t\t\t\t\t\t\t\t<div class=\"swiper-pagination\"><\/div>\n\t\t\t\t\t\t\t\t\t\t\t\t<\/div>\n\t\t\t\t<\/div>\n\t\t\t\t\t\t\t\t<\/div>\n\t\t\t\t<\/div>\n\t\t\t\t<\/div>\n\t\t<div class=\"elementor-element elementor-element-7a6ab96 e-flex e-con-boxed e-con e-parent\" data-id=\"7a6ab96\" data-element_type=\"container\">\n\t\t\t\t\t<div class=\"e-con-inner\">\n\t\t\t\t<div class=\"elementor-element elementor-element-b68fe25 elementor-widget elementor-widget-text-editor\" data-id=\"b68fe25\" data-element_type=\"widget\" data-widget_type=\"text-editor.default\">\n\t\t\t\t<div class=\"elementor-widget-container\">\n\t\t\t\t\t\t\t\t\t<p>Aqu\u00ed tienes una relaci\u00f3n de alguno de sus m\u00e9ritos:<\/p><p class=\"translation-block\">\u2013 Maestro de Canto en la ETRAD desde 1998.\n<br>\u2013 Director de la secci\u00f3n de Canto da OFG SonDeSeu desde 2001.\n<br>\u2013 Director General de la ACF O Fiadeiro desde 1996 hasta 2012, con la cual dirigi\u00f3 siete galas, cinco de ellas en el Teatro Afundaci\u00f3n.\n<br>\u2013 Director del Grupo Etnogr\u00e1fico A Buxaina de 2009 a 2016, con el que dirigi\u00f3 el espect\u00e1culo Homenaxe ao Gaiteiro en repetidas ocasiones.\n<br>\u2013 Vocalista del gaitero Xos\u00e9 Manuel Budi\u00f1o entre los a\u00f1os 2008 y 2014, con quien comparti\u00f3 escena en diversos festivales de tres continentes.\n<br>\u2013 Componente de la banda de Pepe Vaamonde Grupo, desde el 2013 hasta hoy.\n<br>\u2013 Cantante e bailador en las compa\u00f1\u00edas de Danza Nova Galega de Danza (SON) y Fran Sieira Compa\u00f1\u00eda de Danza (Entreso\u00f1os).\n<br>\u2013 Presentador de la Secci\u00f3n de M\u00fasicas y Bailes Tradicionais de Luar, entre los a\u00f1os 1998 y 2004, y jurado del concurso Vai de Baile del mismo programa en 3 temporadas (2013-2014, 2016-2017 y 2017-2018).\n<br>\u2013 Maestro de danza y canto en los cursos de verano del m\u00fasico Alasdair Fraser (conocido por El \u00daltimo Mohicano, Piratas del Caribe) en California, en los a\u00f1os 2014, 2015, 2019 y en la Isla de Skye (Escocia) en el 2018.\n<br>\u2013 Core\u00f3grafo y maestro del Conservatorio Profesional de Danza de Castilla y Le\u00f3n (Valladolid).\n<br>\u2013 Grabaciones en discos de grupos como Trisquel y Ajr\u00fa (de Mercedes Pe\u00f3n), Quempallou, Lizgairo, O Fiadeiro, Rodrigo Roman\u00ed y Fiandola, entre otros. Espect\u00e1culos con Kepa Junquera, Berrog\u00fcetto, Carlos N\u00fa\u00f1ez, Pepe Vaamonde Grupo, Xos\u00e9 Manuel Budi\u00f1o, Laura Cortesse, SonDeSeu y Alasdair Fraser &amp; Natalie Hass.\n<br>\u2013 Actor y bailador en MIDAS, videoclip de las amigas y reconocidas Tanxugueiras.<\/p>\t\t\t\t\t\t\t\t<\/div>\n\t\t\t\t<\/div>\n\t\t\t\t\t<\/div>\n\t\t\t\t<\/div>\n\t\t\t\t<\/div>","protected":false},"excerpt":{"rendered":"<p>Cantante, premiado bailador, core\u00f3grafo, presentador de televisi\u00f3n, mestre da ETRAD dende o 1998 e coordinador da secci\u00f3n de canto da OFG SonDeSeu dende o 2001, onde tam\u00e9n \u00e9 core\u00f3grafo. Despois [&hellip;]<\/p>","protected":false},"author":1,"featured_media":0,"parent":0,"menu_order":0,"comment_status":"closed","ping_status":"closed","template":"","meta":{"footnotes":""},"class_list":["post-269","page","type-page","status-publish","hentry"],"yoast_head":"<!-- This site is optimized with the Yoast SEO plugin v25.2 - https:\/\/yoast.com\/wordpress\/plugins\/seo\/ -->\n<title>Bio - Xisco Feij\u00f3o<\/title>\n<meta name=\"description\" content=\"Cantante, premiado bailador, core\u00f3grafo, presentador de televisi\u00f3n, mestre da ETRAD e coordinador da secci\u00f3n de canto da OFG SonDeSeu\" \/>\n<meta name=\"robots\" content=\"index, follow, max-snippet:-1, max-image-preview:large, max-video-preview:-1\" \/>\n<link rel=\"canonical\" href=\"https:\/\/xiscofeijoo.com\/es\/bio\/\" \/>\n<meta property=\"og:locale\" content=\"es_ES\" \/>\n<meta property=\"og:type\" content=\"article\" \/>\n<meta property=\"og:title\" content=\"Bio - Xisco Feij\u00f3o\" \/>\n<meta property=\"og:description\" content=\"Cantante, premiado bailador, core\u00f3grafo, presentador de televisi\u00f3n, mestre da ETRAD e coordinador da secci\u00f3n de canto da OFG SonDeSeu\" \/>\n<meta property=\"og:url\" content=\"https:\/\/xiscofeijoo.com\/es\/bio\/\" \/>\n<meta property=\"og:site_name\" content=\"Xisco Feij\u00f3o\" \/>\n<meta property=\"article:modified_time\" content=\"2025-05-28T12:09:05+00:00\" \/>\n<meta property=\"og:image\" content=\"https:\/\/xiscofeijoo.com\/wp-content\/uploads\/2025\/05\/Hero-Bio.png\" \/>\n<meta name=\"twitter:card\" content=\"summary_large_image\" \/>\n<script type=\"application\/ld+json\" class=\"yoast-schema-graph\">{\"@context\":\"https:\/\/schema.org\",\"@graph\":[{\"@type\":\"WebPage\",\"@id\":\"https:\/\/xiscofeijoo.com\/bio\/\",\"url\":\"https:\/\/xiscofeijoo.com\/bio\/\",\"name\":\"Bio - Xisco Feij\u00f3o\",\"isPartOf\":{\"@id\":\"http:\/\/xiscofeijoo.com\/#website\"},\"primaryImageOfPage\":{\"@id\":\"https:\/\/xiscofeijoo.com\/bio\/#primaryimage\"},\"image\":{\"@id\":\"https:\/\/xiscofeijoo.com\/bio\/#primaryimage\"},\"thumbnailUrl\":\"https:\/\/xiscofeijoo.com\/wp-content\/uploads\/2025\/05\/Hero-Bio.png\",\"datePublished\":\"2025-05-23T05:31:30+00:00\",\"dateModified\":\"2025-05-28T12:09:05+00:00\",\"description\":\"Cantante, premiado bailador, core\u00f3grafo, presentador de televisi\u00f3n, mestre da ETRAD e coordinador da secci\u00f3n de canto da OFG SonDeSeu\",\"breadcrumb\":{\"@id\":\"https:\/\/xiscofeijoo.com\/bio\/#breadcrumb\"},\"inLanguage\":\"es\",\"potentialAction\":[{\"@type\":\"ReadAction\",\"target\":[\"https:\/\/xiscofeijoo.com\/bio\/\"]}]},{\"@type\":\"ImageObject\",\"inLanguage\":\"es\",\"@id\":\"https:\/\/xiscofeijoo.com\/bio\/#primaryimage\",\"url\":\"https:\/\/xiscofeijoo.com\/wp-content\/uploads\/2025\/05\/Hero-Bio.png\",\"contentUrl\":\"https:\/\/xiscofeijoo.com\/wp-content\/uploads\/2025\/05\/Hero-Bio.png\"},{\"@type\":\"BreadcrumbList\",\"@id\":\"https:\/\/xiscofeijoo.com\/bio\/#breadcrumb\",\"itemListElement\":[{\"@type\":\"ListItem\",\"position\":1,\"name\":\"Portada\",\"item\":\"http:\/\/xiscofeijoo.com\/\"},{\"@type\":\"ListItem\",\"position\":2,\"name\":\"Bio\"}]},{\"@type\":\"WebSite\",\"@id\":\"http:\/\/xiscofeijoo.com\/#website\",\"url\":\"http:\/\/xiscofeijoo.com\/\",\"name\":\"Xisco Feij\u00f3o\",\"description\":\"\",\"publisher\":{\"@id\":\"http:\/\/xiscofeijoo.com\/#organization\"},\"potentialAction\":[{\"@type\":\"SearchAction\",\"target\":{\"@type\":\"EntryPoint\",\"urlTemplate\":\"http:\/\/xiscofeijoo.com\/?s={search_term_string}\"},\"query-input\":{\"@type\":\"PropertyValueSpecification\",\"valueRequired\":true,\"valueName\":\"search_term_string\"}}],\"inLanguage\":\"es\"},{\"@type\":\"Organization\",\"@id\":\"http:\/\/xiscofeijoo.com\/#organization\",\"name\":\"Xisco Feij\u00f3o\",\"url\":\"http:\/\/xiscofeijoo.com\/\",\"logo\":{\"@type\":\"ImageObject\",\"inLanguage\":\"es\",\"@id\":\"http:\/\/xiscofeijoo.com\/#\/schema\/logo\/image\/\",\"url\":\"http:\/\/xiscofeijoo.com\/wp-content\/uploads\/2025\/05\/logo.png\",\"contentUrl\":\"http:\/\/xiscofeijoo.com\/wp-content\/uploads\/2025\/05\/logo.png\",\"width\":253,\"height\":130,\"caption\":\"Xisco Feij\u00f3o\"},\"image\":{\"@id\":\"http:\/\/xiscofeijoo.com\/#\/schema\/logo\/image\/\"},\"sameAs\":[\"https:\/\/www.instagram.com\/xisco.feijoo\/\",\"https:\/\/www.youtube.com\/channel\/UCIiSVRqxjdbXT5rrGwD8QLQ\"]}]}<\/script>\n<!-- \/ Yoast SEO plugin. -->","yoast_head_json":{"title":"Bio - Xisco Feij\u00f3o","description":"Cantante, premiado bailador, core\u00f3grafo, presentador de televisi\u00f3n, mestre da ETRAD e coordinador da secci\u00f3n de canto da OFG SonDeSeu","robots":{"index":"index","follow":"follow","max-snippet":"max-snippet:-1","max-image-preview":"max-image-preview:large","max-video-preview":"max-video-preview:-1"},"canonical":"https:\/\/xiscofeijoo.com\/es\/bio\/","og_locale":"es_ES","og_type":"article","og_title":"Bio - Xisco Feij\u00f3o","og_description":"Cantante, premiado bailador, core\u00f3grafo, presentador de televisi\u00f3n, mestre da ETRAD e coordinador da secci\u00f3n de canto da OFG SonDeSeu","og_url":"https:\/\/xiscofeijoo.com\/es\/bio\/","og_site_name":"Xisco Feij\u00f3o","article_modified_time":"2025-05-28T12:09:05+00:00","og_image":[{"url":"https:\/\/xiscofeijoo.com\/wp-content\/uploads\/2025\/05\/Hero-Bio.png","type":"","width":"","height":""}],"twitter_card":"summary_large_image","schema":{"@context":"https:\/\/schema.org","@graph":[{"@type":"WebPage","@id":"https:\/\/xiscofeijoo.com\/bio\/","url":"https:\/\/xiscofeijoo.com\/bio\/","name":"Bio - Xisco Feij\u00f3o","isPartOf":{"@id":"http:\/\/xiscofeijoo.com\/#website"},"primaryImageOfPage":{"@id":"https:\/\/xiscofeijoo.com\/bio\/#primaryimage"},"image":{"@id":"https:\/\/xiscofeijoo.com\/bio\/#primaryimage"},"thumbnailUrl":"https:\/\/xiscofeijoo.com\/wp-content\/uploads\/2025\/05\/Hero-Bio.png","datePublished":"2025-05-23T05:31:30+00:00","dateModified":"2025-05-28T12:09:05+00:00","description":"Cantante, premiado bailador, core\u00f3grafo, presentador de televisi\u00f3n, mestre da ETRAD e coordinador da secci\u00f3n de canto da OFG SonDeSeu","breadcrumb":{"@id":"https:\/\/xiscofeijoo.com\/bio\/#breadcrumb"},"inLanguage":"es","potentialAction":[{"@type":"ReadAction","target":["https:\/\/xiscofeijoo.com\/bio\/"]}]},{"@type":"ImageObject","inLanguage":"es","@id":"https:\/\/xiscofeijoo.com\/bio\/#primaryimage","url":"https:\/\/xiscofeijoo.com\/wp-content\/uploads\/2025\/05\/Hero-Bio.png","contentUrl":"https:\/\/xiscofeijoo.com\/wp-content\/uploads\/2025\/05\/Hero-Bio.png"},{"@type":"BreadcrumbList","@id":"https:\/\/xiscofeijoo.com\/bio\/#breadcrumb","itemListElement":[{"@type":"ListItem","position":1,"name":"Portada","item":"http:\/\/xiscofeijoo.com\/"},{"@type":"ListItem","position":2,"name":"Bio"}]},{"@type":"WebSite","@id":"http:\/\/xiscofeijoo.com\/#website","url":"http:\/\/xiscofeijoo.com\/","name":"Xisco Feij\u00f3o","description":"","publisher":{"@id":"http:\/\/xiscofeijoo.com\/#organization"},"potentialAction":[{"@type":"SearchAction","target":{"@type":"EntryPoint","urlTemplate":"http:\/\/xiscofeijoo.com\/?s={search_term_string}"},"query-input":{"@type":"PropertyValueSpecification","valueRequired":true,"valueName":"search_term_string"}}],"inLanguage":"es"},{"@type":"Organization","@id":"http:\/\/xiscofeijoo.com\/#organization","name":"Xisco Feij\u00f3o","url":"http:\/\/xiscofeijoo.com\/","logo":{"@type":"ImageObject","inLanguage":"es","@id":"http:\/\/xiscofeijoo.com\/#\/schema\/logo\/image\/","url":"http:\/\/xiscofeijoo.com\/wp-content\/uploads\/2025\/05\/logo.png","contentUrl":"http:\/\/xiscofeijoo.com\/wp-content\/uploads\/2025\/05\/logo.png","width":253,"height":130,"caption":"Xisco Feij\u00f3o"},"image":{"@id":"http:\/\/xiscofeijoo.com\/#\/schema\/logo\/image\/"},"sameAs":["https:\/\/www.instagram.com\/xisco.feijoo\/","https:\/\/www.youtube.com\/channel\/UCIiSVRqxjdbXT5rrGwD8QLQ"]}]}},"_links":{"self":[{"href":"https:\/\/xiscofeijoo.com\/es\/wp-json\/wp\/v2\/pages\/269","targetHints":{"allow":["GET"]}}],"collection":[{"href":"https:\/\/xiscofeijoo.com\/es\/wp-json\/wp\/v2\/pages"}],"about":[{"href":"https:\/\/xiscofeijoo.com\/es\/wp-json\/wp\/v2\/types\/page"}],"author":[{"embeddable":true,"href":"https:\/\/xiscofeijoo.com\/es\/wp-json\/wp\/v2\/users\/1"}],"replies":[{"embeddable":true,"href":"https:\/\/xiscofeijoo.com\/es\/wp-json\/wp\/v2\/comments?post=269"}],"version-history":[{"count":19,"href":"https:\/\/xiscofeijoo.com\/es\/wp-json\/wp\/v2\/pages\/269\/revisions"}],"predecessor-version":[{"id":559,"href":"https:\/\/xiscofeijoo.com\/es\/wp-json\/wp\/v2\/pages\/269\/revisions\/559"}],"wp:attachment":[{"href":"https:\/\/xiscofeijoo.com\/es\/wp-json\/wp\/v2\/media?parent=269"}],"curies":[{"name":"wp","href":"https:\/\/api.w.org\/{rel}","templated":true}]}}