{"id":285,"date":"2025-05-23T09:55:15","date_gmt":"2025-05-23T07:55:15","guid":{"rendered":"http:\/\/xiscofeijoo.clientes.galiciadigital.com\/?page_id=285"},"modified":"2025-05-27T16:48:02","modified_gmt":"2025-05-27T14:48:02","slug":"proxectos","status":"publish","type":"page","link":"https:\/\/xiscofeijoo.com\/es\/proxectos\/","title":{"rendered":"Proyectos"},"content":{"rendered":"<div data-elementor-type=\"wp-page\" data-elementor-id=\"285\" class=\"elementor elementor-285\" data-elementor-post-type=\"page\">\n\t\t\t\t<div class=\"elementor-element elementor-element-b3207e9 e-con-full e-flex e-con e-parent\" data-id=\"b3207e9\" data-element_type=\"container\">\n\t\t<div class=\"elementor-element elementor-element-c7a41ed e-con-full e-flex e-con e-child\" data-id=\"c7a41ed\" data-element_type=\"container\" data-settings=\"{&quot;background_background&quot;:&quot;classic&quot;}\">\n\t\t\t\t<\/div>\n\t\t<div class=\"elementor-element elementor-element-e7509a6 e-con-full e-flex e-con e-child\" data-id=\"e7509a6\" data-element_type=\"container\">\n\t\t\t\t<div class=\"elementor-element elementor-element-c48d346 elementor-widget elementor-widget-heading\" data-id=\"c48d346\" data-element_type=\"widget\" data-widget_type=\"heading.default\">\n\t\t\t\t<div class=\"elementor-widget-container\">\n\t\t\t\t\t<h4 class=\"elementor-heading-title elementor-size-default\">Xisco Feij\u00f3o y Banda<\/h4>\t\t\t\t<\/div>\n\t\t\t\t<\/div>\n\t\t\t\t<div class=\"elementor-element elementor-element-d301638 elementor-widget elementor-widget-text-editor\" data-id=\"d301638\" data-element_type=\"widget\" data-widget_type=\"text-editor.default\">\n\t\t\t\t<div class=\"elementor-widget-container\">\n\t\t\t\t\t\t\t\t\t<p>La banda que acompa\u00f1a a Xisco Feij\u00f3o est\u00e1 formada por destacados m\u00fasicos como Artur Puga (percusiones, voz y danza tradicionales), Marti\u00f1o Malleiro (acorde\u00f3n, clarinete y voz), Carlos Quint\u00e1<\/p>\t\t\t\t\t\t\t\t<\/div>\n\t\t\t\t<\/div>\n\t\t\t\t<div class=\"elementor-element elementor-element-e2b8514 elementor-align-left elementor-widget elementor-widget-button\" data-id=\"e2b8514\" data-element_type=\"widget\" data-widget_type=\"button.default\">\n\t\t\t\t<div class=\"elementor-widget-container\">\n\t\t\t\t\t\t\t\t\t<div class=\"elementor-button-wrapper\">\n\t\t\t\t\t<a class=\"elementor-button elementor-button-link elementor-size-sm\" href=\"#elementor-action%3Aaction%3Dpopup%3Aopen%26settings%3DeyJpZCI6IjI5OCIsInRvZ2dsZSI6ZmFsc2V9\">\n\t\t\t\t\t\t<span class=\"elementor-button-content-wrapper\">\n\t\t\t\t\t\t\t\t\t<span class=\"elementor-button-text\">[leer m\u00e1s]<\/span>\n\t\t\t\t\t<\/span>\n\t\t\t\t\t<\/a>\n\t\t\t\t<\/div>\n\t\t\t\t\t\t\t\t<\/div>\n\t\t\t\t<\/div>\n\t\t\t\t<\/div>\n\t\t\t\t<\/div>\n\t\t<div class=\"elementor-element elementor-element-bae67b5 e-con-full e-flex e-con e-parent\" data-id=\"bae67b5\" data-element_type=\"container\">\n\t\t<div class=\"elementor-element elementor-element-c2d3fe8 e-con-full e-flex e-con e-child\" data-id=\"c2d3fe8\" data-element_type=\"container\">\n\t\t\t\t<div class=\"elementor-element elementor-element-9f3daa2 elementor-widget elementor-widget-heading\" data-id=\"9f3daa2\" data-element_type=\"widget\" data-widget_type=\"heading.default\">\n\t\t\t\t<div class=\"elementor-widget-container\">\n\t\t\t\t\t<h4 class=\"elementor-heading-title elementor-size-default\">TRAEDE FERRALLADA<\/h4>\t\t\t\t<\/div>\n\t\t\t\t<\/div>\n\t\t\t\t<div class=\"elementor-element elementor-element-f032dc0 elementor-widget elementor-widget-text-editor\" data-id=\"f032dc0\" data-element_type=\"widget\" data-widget_type=\"text-editor.default\">\n\t\t\t\t<div class=\"elementor-widget-container\">\n\t\t\t\t\t\t\t\t\t<p>Traede Ferrallada nace para llevar a cada punto de Galicia conocimiento sobre la tradici\u00f3n, para la recuperaci\u00f3n y dinamizaci\u00f3n del folclore.\nEsta ronda de recitales y foliadas en locales peque\u00f1os y selectos consisten<\/p>\t\t\t\t\t\t\t\t<\/div>\n\t\t\t\t<\/div>\n\t\t\t\t<div class=\"elementor-element elementor-element-99813ad elementor-align-left elementor-widget elementor-widget-button\" data-id=\"99813ad\" data-element_type=\"widget\" data-widget_type=\"button.default\">\n\t\t\t\t<div class=\"elementor-widget-container\">\n\t\t\t\t\t\t\t\t\t<div class=\"elementor-button-wrapper\">\n\t\t\t\t\t<a class=\"elementor-button elementor-button-link elementor-size-sm\" href=\"#elementor-action%3Aaction%3Dpopup%3Aopen%26settings%3DeyJpZCI6IjMxNCIsInRvZ2dsZSI6ZmFsc2V9\">\n\t\t\t\t\t\t<span class=\"elementor-button-content-wrapper\">\n\t\t\t\t\t\t\t\t\t<span class=\"elementor-button-text\">[leer m\u00e1s]<\/span>\n\t\t\t\t\t<\/span>\n\t\t\t\t\t<\/a>\n\t\t\t\t<\/div>\n\t\t\t\t\t\t\t\t<\/div>\n\t\t\t\t<\/div>\n\t\t\t\t<\/div>\n\t\t<div class=\"elementor-element elementor-element-e1714c8 e-con-full e-flex e-con e-child\" data-id=\"e1714c8\" data-element_type=\"container\" data-settings=\"{&quot;background_background&quot;:&quot;classic&quot;}\">\n\t\t\t\t<\/div>\n\t\t\t\t<\/div>\n\t\t<div class=\"elementor-element elementor-element-f7d0b5e e-con-full e-flex e-con e-parent\" data-id=\"f7d0b5e\" data-element_type=\"container\">\n\t\t<div class=\"elementor-element elementor-element-10883e9 e-con-full e-flex e-con e-child\" data-id=\"10883e9\" data-element_type=\"container\" data-settings=\"{&quot;background_background&quot;:&quot;classic&quot;}\">\n\t\t\t\t<\/div>\n\t\t<div class=\"elementor-element elementor-element-24f5b16 e-con-full e-flex e-con e-child\" data-id=\"24f5b16\" data-element_type=\"container\">\n\t\t\t\t<div class=\"elementor-element elementor-element-9064bd3 elementor-widget elementor-widget-heading\" data-id=\"9064bd3\" data-element_type=\"widget\" data-widget_type=\"heading.default\">\n\t\t\t\t<div class=\"elementor-widget-container\">\n\t\t\t\t\t<h4 class=\"elementor-heading-title elementor-size-default\">CANTARES NOS CAMI\u00d1OS<\/h4>\t\t\t\t<\/div>\n\t\t\t\t<\/div>\n\t\t\t\t<div class=\"elementor-element elementor-element-3218544 elementor-widget elementor-widget-text-editor\" data-id=\"3218544\" data-element_type=\"widget\" data-widget_type=\"text-editor.default\">\n\t\t\t\t<div class=\"elementor-widget-container\">\n\t\t\t\t\t\t\t\t\t<p>Cantares nos cami\u00f1os es un proyecto cultural y educativo, un recorrido por las diferentes rutas que componen la red de caminos hacia Compostela. Una experiencia a trav\u00e9s de los diversos instrumentos y formas de tocar<\/p>\t\t\t\t\t\t\t\t<\/div>\n\t\t\t\t<\/div>\n\t\t\t\t<div class=\"elementor-element elementor-element-47a4476 elementor-align-left elementor-widget elementor-widget-button\" data-id=\"47a4476\" data-element_type=\"widget\" data-widget_type=\"button.default\">\n\t\t\t\t<div class=\"elementor-widget-container\">\n\t\t\t\t\t\t\t\t\t<div class=\"elementor-button-wrapper\">\n\t\t\t\t\t<a class=\"elementor-button elementor-button-link elementor-size-sm\" href=\"#elementor-action%3Aaction%3Dpopup%3Aopen%26settings%3DeyJpZCI6IjMyMSIsInRvZ2dsZSI6ZmFsc2V9\">\n\t\t\t\t\t\t<span class=\"elementor-button-content-wrapper\">\n\t\t\t\t\t\t\t\t\t<span class=\"elementor-button-text\">[leer m\u00e1s]<\/span>\n\t\t\t\t\t<\/span>\n\t\t\t\t\t<\/a>\n\t\t\t\t<\/div>\n\t\t\t\t\t\t\t\t<\/div>\n\t\t\t\t<\/div>\n\t\t\t\t<\/div>\n\t\t\t\t<\/div>\n\t\t<div class=\"elementor-element elementor-element-5a07fcb e-con-full e-flex e-con e-parent\" data-id=\"5a07fcb\" data-element_type=\"container\">\n\t\t<div class=\"elementor-element elementor-element-b61819c e-con-full e-flex e-con e-child\" data-id=\"b61819c\" data-element_type=\"container\">\n\t\t\t\t<div class=\"elementor-element elementor-element-7b510a4 elementor-widget elementor-widget-heading\" data-id=\"7b510a4\" data-element_type=\"widget\" data-widget_type=\"heading.default\">\n\t\t\t\t<div class=\"elementor-widget-container\">\n\t\t\t\t\t<h4 class=\"elementor-heading-title elementor-size-default\">METAMORFOSE\/PEIXE<\/h4>\t\t\t\t<\/div>\n\t\t\t\t<\/div>\n\t\t\t\t<div class=\"elementor-element elementor-element-c7ba6f4 elementor-widget elementor-widget-text-editor\" data-id=\"c7ba6f4\" data-element_type=\"widget\" data-widget_type=\"text-editor.default\">\n\t\t\t\t<div class=\"elementor-widget-container\">\n\t\t\t\t\t\t\t\t\t<p>Una propuesta fresca de una realidad que recoge toda una trayectoria dentro de la m\u00fasica tradicional, vista desde una perspectiva actual. \"Es c\u00f3mo veo lo que fui y lo que soy, incluso c\u00f3mo observo lo que sent\u00ed<\/p>\t\t\t\t\t\t\t\t<\/div>\n\t\t\t\t<\/div>\n\t\t\t\t<div class=\"elementor-element elementor-element-ba0f278 elementor-align-left elementor-widget elementor-widget-button\" data-id=\"ba0f278\" data-element_type=\"widget\" data-widget_type=\"button.default\">\n\t\t\t\t<div class=\"elementor-widget-container\">\n\t\t\t\t\t\t\t\t\t<div class=\"elementor-button-wrapper\">\n\t\t\t\t\t<a class=\"elementor-button elementor-button-link elementor-size-sm\" href=\"#elementor-action%3Aaction%3Dpopup%3Aopen%26settings%3DeyJpZCI6IjMyNCIsInRvZ2dsZSI6ZmFsc2V9\">\n\t\t\t\t\t\t<span class=\"elementor-button-content-wrapper\">\n\t\t\t\t\t\t\t\t\t<span class=\"elementor-button-text\">[leer m\u00e1s]<\/span>\n\t\t\t\t\t<\/span>\n\t\t\t\t\t<\/a>\n\t\t\t\t<\/div>\n\t\t\t\t\t\t\t\t<\/div>\n\t\t\t\t<\/div>\n\t\t\t\t<\/div>\n\t\t<div class=\"elementor-element elementor-element-f6d1870 e-con-full e-flex e-con e-child\" data-id=\"f6d1870\" data-element_type=\"container\" data-settings=\"{&quot;background_background&quot;:&quot;classic&quot;}\">\n\t\t\t\t<\/div>\n\t\t\t\t<\/div>\n\t\t\t\t<\/div>","protected":false},"excerpt":{"rendered":"<p>Xisco Feij\u00f3o e Banda La banda que acompa\u00f1a a Xisco Feij\u00f3o est\u00e1 formada por salientables m\u00fasicos como Artur Puga (percusi\u00f3ns, voz e danza tradicionais), Marti\u00f1o Malleiro (acorde\u00f3n, clarinete e voz), [&hellip;]<\/p>","protected":false},"author":1,"featured_media":0,"parent":0,"menu_order":0,"comment_status":"closed","ping_status":"closed","template":"","meta":{"footnotes":""},"class_list":["post-285","page","type-page","status-publish","hentry"],"yoast_head":"<!-- This site is optimized with the Yoast SEO plugin v25.2 - https:\/\/yoast.com\/wordpress\/plugins\/seo\/ -->\n<title>Proxectos - Xisco Feij\u00f3o<\/title>\n<meta name=\"description\" content=\"Recuperaci\u00f3n etnogr\u00e1fica durante m\u00e1is de 30 anos e tendo colaborado en m\u00e1is de 20 discos e espect\u00e1culos. Traballo discogr\u00e1fico propio: Peixe.\" \/>\n<meta name=\"robots\" content=\"index, follow, max-snippet:-1, max-image-preview:large, max-video-preview:-1\" \/>\n<link rel=\"canonical\" href=\"https:\/\/xiscofeijoo.com\/es\/proxectos\/\" \/>\n<meta property=\"og:locale\" content=\"es_ES\" \/>\n<meta property=\"og:type\" content=\"article\" \/>\n<meta property=\"og:title\" content=\"Proxectos - Xisco Feij\u00f3o\" \/>\n<meta property=\"og:description\" content=\"Recuperaci\u00f3n etnogr\u00e1fica durante m\u00e1is de 30 anos e tendo colaborado en m\u00e1is de 20 discos e espect\u00e1culos. Traballo discogr\u00e1fico propio: Peixe.\" \/>\n<meta property=\"og:url\" content=\"https:\/\/xiscofeijoo.com\/es\/proxectos\/\" \/>\n<meta property=\"og:site_name\" content=\"Xisco Feij\u00f3o\" \/>\n<meta property=\"article:modified_time\" content=\"2025-05-27T14:48:02+00:00\" \/>\n<meta name=\"twitter:card\" content=\"summary_large_image\" \/>\n<script type=\"application\/ld+json\" class=\"yoast-schema-graph\">{\"@context\":\"https:\/\/schema.org\",\"@graph\":[{\"@type\":\"WebPage\",\"@id\":\"https:\/\/xiscofeijoo.com\/proxectos\/\",\"url\":\"https:\/\/xiscofeijoo.com\/proxectos\/\",\"name\":\"Proxectos - Xisco Feij\u00f3o\",\"isPartOf\":{\"@id\":\"http:\/\/xiscofeijoo.com\/#website\"},\"datePublished\":\"2025-05-23T07:55:15+00:00\",\"dateModified\":\"2025-05-27T14:48:02+00:00\",\"description\":\"Recuperaci\u00f3n etnogr\u00e1fica durante m\u00e1is de 30 anos e tendo colaborado en m\u00e1is de 20 discos e espect\u00e1culos. Traballo discogr\u00e1fico propio: Peixe.\",\"breadcrumb\":{\"@id\":\"https:\/\/xiscofeijoo.com\/proxectos\/#breadcrumb\"},\"inLanguage\":\"es\",\"potentialAction\":[{\"@type\":\"ReadAction\",\"target\":[\"https:\/\/xiscofeijoo.com\/proxectos\/\"]}]},{\"@type\":\"BreadcrumbList\",\"@id\":\"https:\/\/xiscofeijoo.com\/proxectos\/#breadcrumb\",\"itemListElement\":[{\"@type\":\"ListItem\",\"position\":1,\"name\":\"Portada\",\"item\":\"http:\/\/xiscofeijoo.com\/\"},{\"@type\":\"ListItem\",\"position\":2,\"name\":\"Proxectos\"}]},{\"@type\":\"WebSite\",\"@id\":\"http:\/\/xiscofeijoo.com\/#website\",\"url\":\"http:\/\/xiscofeijoo.com\/\",\"name\":\"Xisco Feij\u00f3o\",\"description\":\"\",\"publisher\":{\"@id\":\"http:\/\/xiscofeijoo.com\/#organization\"},\"potentialAction\":[{\"@type\":\"SearchAction\",\"target\":{\"@type\":\"EntryPoint\",\"urlTemplate\":\"http:\/\/xiscofeijoo.com\/?s={search_term_string}\"},\"query-input\":{\"@type\":\"PropertyValueSpecification\",\"valueRequired\":true,\"valueName\":\"search_term_string\"}}],\"inLanguage\":\"es\"},{\"@type\":\"Organization\",\"@id\":\"http:\/\/xiscofeijoo.com\/#organization\",\"name\":\"Xisco Feij\u00f3o\",\"url\":\"http:\/\/xiscofeijoo.com\/\",\"logo\":{\"@type\":\"ImageObject\",\"inLanguage\":\"es\",\"@id\":\"http:\/\/xiscofeijoo.com\/#\/schema\/logo\/image\/\",\"url\":\"http:\/\/xiscofeijoo.com\/wp-content\/uploads\/2025\/05\/logo.png\",\"contentUrl\":\"http:\/\/xiscofeijoo.com\/wp-content\/uploads\/2025\/05\/logo.png\",\"width\":253,\"height\":130,\"caption\":\"Xisco Feij\u00f3o\"},\"image\":{\"@id\":\"http:\/\/xiscofeijoo.com\/#\/schema\/logo\/image\/\"},\"sameAs\":[\"https:\/\/www.instagram.com\/xisco.feijoo\/\",\"https:\/\/www.youtube.com\/channel\/UCIiSVRqxjdbXT5rrGwD8QLQ\"]}]}<\/script>\n<!-- \/ Yoast SEO plugin. -->","yoast_head_json":{"title":"Proxectos - Xisco Feij\u00f3o","description":"Recuperaci\u00f3n etnogr\u00e1fica durante m\u00e1is de 30 anos e tendo colaborado en m\u00e1is de 20 discos e espect\u00e1culos. Traballo discogr\u00e1fico propio: Peixe.","robots":{"index":"index","follow":"follow","max-snippet":"max-snippet:-1","max-image-preview":"max-image-preview:large","max-video-preview":"max-video-preview:-1"},"canonical":"https:\/\/xiscofeijoo.com\/es\/proxectos\/","og_locale":"es_ES","og_type":"article","og_title":"Proxectos - Xisco Feij\u00f3o","og_description":"Recuperaci\u00f3n etnogr\u00e1fica durante m\u00e1is de 30 anos e tendo colaborado en m\u00e1is de 20 discos e espect\u00e1culos. Traballo discogr\u00e1fico propio: Peixe.","og_url":"https:\/\/xiscofeijoo.com\/es\/proxectos\/","og_site_name":"Xisco Feij\u00f3o","article_modified_time":"2025-05-27T14:48:02+00:00","twitter_card":"summary_large_image","schema":{"@context":"https:\/\/schema.org","@graph":[{"@type":"WebPage","@id":"https:\/\/xiscofeijoo.com\/proxectos\/","url":"https:\/\/xiscofeijoo.com\/proxectos\/","name":"Proxectos - Xisco Feij\u00f3o","isPartOf":{"@id":"http:\/\/xiscofeijoo.com\/#website"},"datePublished":"2025-05-23T07:55:15+00:00","dateModified":"2025-05-27T14:48:02+00:00","description":"Recuperaci\u00f3n etnogr\u00e1fica durante m\u00e1is de 30 anos e tendo colaborado en m\u00e1is de 20 discos e espect\u00e1culos. Traballo discogr\u00e1fico propio: Peixe.","breadcrumb":{"@id":"https:\/\/xiscofeijoo.com\/proxectos\/#breadcrumb"},"inLanguage":"es","potentialAction":[{"@type":"ReadAction","target":["https:\/\/xiscofeijoo.com\/proxectos\/"]}]},{"@type":"BreadcrumbList","@id":"https:\/\/xiscofeijoo.com\/proxectos\/#breadcrumb","itemListElement":[{"@type":"ListItem","position":1,"name":"Portada","item":"http:\/\/xiscofeijoo.com\/"},{"@type":"ListItem","position":2,"name":"Proxectos"}]},{"@type":"WebSite","@id":"http:\/\/xiscofeijoo.com\/#website","url":"http:\/\/xiscofeijoo.com\/","name":"Xisco Feij\u00f3o","description":"","publisher":{"@id":"http:\/\/xiscofeijoo.com\/#organization"},"potentialAction":[{"@type":"SearchAction","target":{"@type":"EntryPoint","urlTemplate":"http:\/\/xiscofeijoo.com\/?s={search_term_string}"},"query-input":{"@type":"PropertyValueSpecification","valueRequired":true,"valueName":"search_term_string"}}],"inLanguage":"es"},{"@type":"Organization","@id":"http:\/\/xiscofeijoo.com\/#organization","name":"Xisco Feij\u00f3o","url":"http:\/\/xiscofeijoo.com\/","logo":{"@type":"ImageObject","inLanguage":"es","@id":"http:\/\/xiscofeijoo.com\/#\/schema\/logo\/image\/","url":"http:\/\/xiscofeijoo.com\/wp-content\/uploads\/2025\/05\/logo.png","contentUrl":"http:\/\/xiscofeijoo.com\/wp-content\/uploads\/2025\/05\/logo.png","width":253,"height":130,"caption":"Xisco Feij\u00f3o"},"image":{"@id":"http:\/\/xiscofeijoo.com\/#\/schema\/logo\/image\/"},"sameAs":["https:\/\/www.instagram.com\/xisco.feijoo\/","https:\/\/www.youtube.com\/channel\/UCIiSVRqxjdbXT5rrGwD8QLQ"]}]}},"_links":{"self":[{"href":"https:\/\/xiscofeijoo.com\/es\/wp-json\/wp\/v2\/pages\/285","targetHints":{"allow":["GET"]}}],"collection":[{"href":"https:\/\/xiscofeijoo.com\/es\/wp-json\/wp\/v2\/pages"}],"about":[{"href":"https:\/\/xiscofeijoo.com\/es\/wp-json\/wp\/v2\/types\/page"}],"author":[{"embeddable":true,"href":"https:\/\/xiscofeijoo.com\/es\/wp-json\/wp\/v2\/users\/1"}],"replies":[{"embeddable":true,"href":"https:\/\/xiscofeijoo.com\/es\/wp-json\/wp\/v2\/comments?post=285"}],"version-history":[{"count":19,"href":"https:\/\/xiscofeijoo.com\/es\/wp-json\/wp\/v2\/pages\/285\/revisions"}],"predecessor-version":[{"id":502,"href":"https:\/\/xiscofeijoo.com\/es\/wp-json\/wp\/v2\/pages\/285\/revisions\/502"}],"wp:attachment":[{"href":"https:\/\/xiscofeijoo.com\/es\/wp-json\/wp\/v2\/media?parent=285"}],"curies":[{"name":"wp","href":"https:\/\/api.w.org\/{rel}","templated":true}]}}