{"id":371,"date":"2025-05-23T13:15:47","date_gmt":"2025-05-23T11:15:47","guid":{"rendered":"http:\/\/xiscofeijoo.clientes.galiciadigital.com\/?page_id=371"},"modified":"2025-05-28T14:07:50","modified_gmt":"2025-05-28T12:07:50","slug":"contacto","status":"publish","type":"page","link":"https:\/\/xiscofeijoo.com\/es\/contacto\/","title":{"rendered":"Contacto"},"content":{"rendered":"<div data-elementor-type=\"wp-page\" data-elementor-id=\"371\" class=\"elementor elementor-371\" data-elementor-post-type=\"page\">\n\t\t\t\t<div class=\"elementor-element elementor-element-14b8599 e-flex e-con-boxed e-con e-parent\" data-id=\"14b8599\" data-element_type=\"container\">\n\t\t\t\t\t<div class=\"e-con-inner\">\n\t\t\t\t<div class=\"elementor-element elementor-element-accca89 elementor-widget elementor-widget-heading\" data-id=\"accca89\" data-element_type=\"widget\" data-widget_type=\"heading.default\">\n\t\t\t\t<div class=\"elementor-widget-container\">\n\t\t\t\t\t<h4 class=\"elementor-heading-title elementor-size-default\">\u00a1CONTACTA CON NOSOTROS!<\/h4>\t\t\t\t<\/div>\n\t\t\t\t<\/div>\n\t\t\t\t<div class=\"elementor-element elementor-element-f1c8b84 elementor-widget elementor-widget-text-editor\" data-id=\"f1c8b84\" data-element_type=\"widget\" data-widget_type=\"text-editor.default\">\n\t\t\t\t<div class=\"elementor-widget-container\">\n\t\t\t\t\t\t\t\t\t<p style=\"text-align: center;\"><a style=\"text-decoration:none;\" href=\"tel:+34982250245\u200b\">+34 982 250 245<\/a>\n<br \/>\n<a style=\"text-decoration:none;\"href=\"mailto:contratacion@nalgures.gal\">contratacion@nalgures.gal<\/a><\/p>\t\t\t\t\t\t\t\t<\/div>\n\t\t\t\t<\/div>\n\t\t\t\t<div class=\"elementor-element elementor-element-35ce7db elementor-widget elementor-widget-text-editor\" data-id=\"35ce7db\" data-element_type=\"widget\" data-widget_type=\"text-editor.default\">\n\t\t\t\t<div class=\"elementor-widget-container\">\n\t\t\t\t\t\t\t\t\t<p style=\"text-align: center;\">Nalgures Produci\u00f3ns, S.L.<br \/>R\u00faa do Baluro 8-10, Baixo, 27004 &#8211; Lugo<\/p>\t\t\t\t\t\t\t\t<\/div>\n\t\t\t\t<\/div>\n\t\t\t\t\t<\/div>\n\t\t\t\t<\/div>\n\t\t<div class=\"elementor-element elementor-element-ec7a535 e-con-full e-flex e-con e-parent\" data-id=\"ec7a535\" data-element_type=\"container\">\n\t\t<div class=\"elementor-element elementor-element-7279a4d e-con-full e-flex e-con e-child\" data-id=\"7279a4d\" data-element_type=\"container\">\n\t\t\t\t<div class=\"elementor-element elementor-element-ef23df8 elementor-widget elementor-widget-image\" data-id=\"ef23df8\" data-element_type=\"widget\" data-widget_type=\"image.default\">\n\t\t\t\t<div class=\"elementor-widget-container\">\n\t\t\t\t\t\t\t\t\t\t\t\t\t\t\t<img fetchpriority=\"high\" decoding=\"async\" width=\"358\" height=\"333\" src=\"https:\/\/xiscofeijoo.com\/wp-content\/uploads\/2025\/05\/Foto-1-Contacto.jpg\" class=\"attachment-large size-large wp-image-373\" alt=\"\" srcset=\"https:\/\/xiscofeijoo.com\/wp-content\/uploads\/2025\/05\/Foto-1-Contacto.jpg 358w, https:\/\/xiscofeijoo.com\/wp-content\/uploads\/2025\/05\/Foto-1-Contacto-300x279.jpg 300w, https:\/\/xiscofeijoo.com\/wp-content\/uploads\/2025\/05\/Foto-1-Contacto-13x12.jpg 13w\" sizes=\"(max-width: 358px) 100vw, 358px\" \/>\t\t\t\t\t\t\t\t\t\t\t\t\t\t\t<\/div>\n\t\t\t\t<\/div>\n\t\t\t\t<\/div>\n\t\t<div class=\"elementor-element elementor-element-b7080e7 e-con-full e-flex e-con e-child\" data-id=\"b7080e7\" data-element_type=\"container\">\n\t\t\t\t<div class=\"elementor-element elementor-element-b40549a elementor-widget elementor-widget-image\" data-id=\"b40549a\" data-element_type=\"widget\" data-widget_type=\"image.default\">\n\t\t\t\t<div class=\"elementor-widget-container\">\n\t\t\t\t\t\t\t\t\t\t\t\t\t\t\t<img decoding=\"async\" width=\"358\" height=\"333\" src=\"https:\/\/xiscofeijoo.com\/wp-content\/uploads\/2025\/05\/Foto-2-Contacto.jpg\" class=\"attachment-large size-large wp-image-374\" alt=\"\" srcset=\"https:\/\/xiscofeijoo.com\/wp-content\/uploads\/2025\/05\/Foto-2-Contacto.jpg 358w, https:\/\/xiscofeijoo.com\/wp-content\/uploads\/2025\/05\/Foto-2-Contacto-300x279.jpg 300w, https:\/\/xiscofeijoo.com\/wp-content\/uploads\/2025\/05\/Foto-2-Contacto-13x12.jpg 13w\" sizes=\"(max-width: 358px) 100vw, 358px\" \/>\t\t\t\t\t\t\t\t\t\t\t\t\t\t\t<\/div>\n\t\t\t\t<\/div>\n\t\t\t\t<\/div>\n\t\t<div class=\"elementor-element elementor-element-b082725 e-con-full e-flex e-con e-child\" data-id=\"b082725\" data-element_type=\"container\">\n\t\t\t\t<div class=\"elementor-element elementor-element-eca137f elementor-widget elementor-widget-image\" data-id=\"eca137f\" data-element_type=\"widget\" data-widget_type=\"image.default\">\n\t\t\t\t<div class=\"elementor-widget-container\">\n\t\t\t\t\t\t\t\t\t\t\t\t\t\t\t<img decoding=\"async\" width=\"358\" height=\"333\" src=\"https:\/\/xiscofeijoo.com\/wp-content\/uploads\/2025\/05\/Foto-3-Contacto.jpg\" class=\"attachment-large size-large wp-image-375\" alt=\"\" srcset=\"https:\/\/xiscofeijoo.com\/wp-content\/uploads\/2025\/05\/Foto-3-Contacto.jpg 358w, https:\/\/xiscofeijoo.com\/wp-content\/uploads\/2025\/05\/Foto-3-Contacto-300x279.jpg 300w, https:\/\/xiscofeijoo.com\/wp-content\/uploads\/2025\/05\/Foto-3-Contacto-13x12.jpg 13w\" sizes=\"(max-width: 358px) 100vw, 358px\" \/>\t\t\t\t\t\t\t\t\t\t\t\t\t\t\t<\/div>\n\t\t\t\t<\/div>\n\t\t\t\t<\/div>\n\t\t<div class=\"elementor-element elementor-element-4054072 e-con-full e-flex e-con e-child\" data-id=\"4054072\" data-element_type=\"container\">\n\t\t\t\t<div class=\"elementor-element elementor-element-8e1de91 elementor-widget elementor-widget-image\" data-id=\"8e1de91\" data-element_type=\"widget\" data-widget_type=\"image.default\">\n\t\t\t\t<div class=\"elementor-widget-container\">\n\t\t\t\t\t\t\t\t\t\t\t\t\t\t\t<img loading=\"lazy\" decoding=\"async\" width=\"358\" height=\"333\" src=\"https:\/\/xiscofeijoo.com\/wp-content\/uploads\/2025\/05\/Foto-4-Contacto.jpg\" class=\"attachment-large size-large wp-image-376\" alt=\"\" srcset=\"https:\/\/xiscofeijoo.com\/wp-content\/uploads\/2025\/05\/Foto-4-Contacto.jpg 358w, https:\/\/xiscofeijoo.com\/wp-content\/uploads\/2025\/05\/Foto-4-Contacto-300x279.jpg 300w, https:\/\/xiscofeijoo.com\/wp-content\/uploads\/2025\/05\/Foto-4-Contacto-13x12.jpg 13w\" sizes=\"(max-width: 358px) 100vw, 358px\" \/>\t\t\t\t\t\t\t\t\t\t\t\t\t\t\t<\/div>\n\t\t\t\t<\/div>\n\t\t\t\t<\/div>\n\t\t\t\t<\/div>\n\t\t\t\t<\/div>","protected":false},"excerpt":{"rendered":"<p>CONTACTA CON N\u00d3S! +34 982 250 245 contratacion@nalgures.gal Nalgures Produci\u00f3ns, S.L.R\u00faa do Baluro 8-10, Baixo, 27004 &#8211; Lugo<\/p>","protected":false},"author":1,"featured_media":0,"parent":0,"menu_order":0,"comment_status":"closed","ping_status":"closed","template":"","meta":{"footnotes":""},"class_list":["post-371","page","type-page","status-publish","hentry"],"yoast_head":"<!-- This site is optimized with the Yoast SEO plugin v25.2 - https:\/\/yoast.com\/wordpress\/plugins\/seo\/ -->\n<title>Contacto - Xisco Feij\u00f3o<\/title>\n<meta name=\"robots\" content=\"index, follow, max-snippet:-1, max-image-preview:large, max-video-preview:-1\" \/>\n<link rel=\"canonical\" href=\"https:\/\/xiscofeijoo.com\/es\/contacto\/\" \/>\n<meta property=\"og:locale\" content=\"es_ES\" \/>\n<meta property=\"og:type\" content=\"article\" \/>\n<meta property=\"og:title\" content=\"Contacto - Xisco Feij\u00f3o\" \/>\n<meta property=\"og:description\" content=\"CONTACTA CON N\u00d3S! +34 982 250 245 contratacion@nalgures.gal Nalgures Produci\u00f3ns, S.L.R\u00faa do Baluro 8-10, Baixo, 27004 &#8211; Lugo\" \/>\n<meta property=\"og:url\" content=\"https:\/\/xiscofeijoo.com\/es\/contacto\/\" \/>\n<meta property=\"og:site_name\" content=\"Xisco Feij\u00f3o\" \/>\n<meta property=\"article:modified_time\" content=\"2025-05-28T12:07:50+00:00\" \/>\n<meta property=\"og:image\" content=\"https:\/\/xiscofeijoo.com\/wp-content\/uploads\/2025\/05\/Foto-1-Contacto.jpg\" \/>\n<meta name=\"twitter:card\" content=\"summary_large_image\" \/>\n<script type=\"application\/ld+json\" class=\"yoast-schema-graph\">{\"@context\":\"https:\/\/schema.org\",\"@graph\":[{\"@type\":\"WebPage\",\"@id\":\"https:\/\/xiscofeijoo.com\/contacto\/\",\"url\":\"https:\/\/xiscofeijoo.com\/contacto\/\",\"name\":\"Contacto - Xisco Feij\u00f3o\",\"isPartOf\":{\"@id\":\"http:\/\/xiscofeijoo.com\/#website\"},\"primaryImageOfPage\":{\"@id\":\"https:\/\/xiscofeijoo.com\/contacto\/#primaryimage\"},\"image\":{\"@id\":\"https:\/\/xiscofeijoo.com\/contacto\/#primaryimage\"},\"thumbnailUrl\":\"https:\/\/xiscofeijoo.com\/wp-content\/uploads\/2025\/05\/Foto-1-Contacto.jpg\",\"datePublished\":\"2025-05-23T11:15:47+00:00\",\"dateModified\":\"2025-05-28T12:07:50+00:00\",\"breadcrumb\":{\"@id\":\"https:\/\/xiscofeijoo.com\/contacto\/#breadcrumb\"},\"inLanguage\":\"es\",\"potentialAction\":[{\"@type\":\"ReadAction\",\"target\":[\"https:\/\/xiscofeijoo.com\/contacto\/\"]}]},{\"@type\":\"ImageObject\",\"inLanguage\":\"es\",\"@id\":\"https:\/\/xiscofeijoo.com\/contacto\/#primaryimage\",\"url\":\"https:\/\/xiscofeijoo.com\/wp-content\/uploads\/2025\/05\/Foto-1-Contacto.jpg\",\"contentUrl\":\"https:\/\/xiscofeijoo.com\/wp-content\/uploads\/2025\/05\/Foto-1-Contacto.jpg\"},{\"@type\":\"BreadcrumbList\",\"@id\":\"https:\/\/xiscofeijoo.com\/contacto\/#breadcrumb\",\"itemListElement\":[{\"@type\":\"ListItem\",\"position\":1,\"name\":\"Portada\",\"item\":\"http:\/\/xiscofeijoo.com\/\"},{\"@type\":\"ListItem\",\"position\":2,\"name\":\"Contacto\"}]},{\"@type\":\"WebSite\",\"@id\":\"http:\/\/xiscofeijoo.com\/#website\",\"url\":\"http:\/\/xiscofeijoo.com\/\",\"name\":\"Xisco Feij\u00f3o\",\"description\":\"\",\"publisher\":{\"@id\":\"http:\/\/xiscofeijoo.com\/#organization\"},\"potentialAction\":[{\"@type\":\"SearchAction\",\"target\":{\"@type\":\"EntryPoint\",\"urlTemplate\":\"http:\/\/xiscofeijoo.com\/?s={search_term_string}\"},\"query-input\":{\"@type\":\"PropertyValueSpecification\",\"valueRequired\":true,\"valueName\":\"search_term_string\"}}],\"inLanguage\":\"es\"},{\"@type\":\"Organization\",\"@id\":\"http:\/\/xiscofeijoo.com\/#organization\",\"name\":\"Xisco Feij\u00f3o\",\"url\":\"http:\/\/xiscofeijoo.com\/\",\"logo\":{\"@type\":\"ImageObject\",\"inLanguage\":\"es\",\"@id\":\"http:\/\/xiscofeijoo.com\/#\/schema\/logo\/image\/\",\"url\":\"http:\/\/xiscofeijoo.com\/wp-content\/uploads\/2025\/05\/logo.png\",\"contentUrl\":\"http:\/\/xiscofeijoo.com\/wp-content\/uploads\/2025\/05\/logo.png\",\"width\":253,\"height\":130,\"caption\":\"Xisco Feij\u00f3o\"},\"image\":{\"@id\":\"http:\/\/xiscofeijoo.com\/#\/schema\/logo\/image\/\"},\"sameAs\":[\"https:\/\/www.instagram.com\/xisco.feijoo\/\",\"https:\/\/www.youtube.com\/channel\/UCIiSVRqxjdbXT5rrGwD8QLQ\"]}]}<\/script>\n<!-- \/ Yoast SEO plugin. -->","yoast_head_json":{"title":"Contacto - Xisco Feij\u00f3o","robots":{"index":"index","follow":"follow","max-snippet":"max-snippet:-1","max-image-preview":"max-image-preview:large","max-video-preview":"max-video-preview:-1"},"canonical":"https:\/\/xiscofeijoo.com\/es\/contacto\/","og_locale":"es_ES","og_type":"article","og_title":"Contacto - Xisco Feij\u00f3o","og_description":"CONTACTA CON N\u00d3S! +34 982 250 245 contratacion@nalgures.gal Nalgures Produci\u00f3ns, S.L.R\u00faa do Baluro 8-10, Baixo, 27004 &#8211; Lugo","og_url":"https:\/\/xiscofeijoo.com\/es\/contacto\/","og_site_name":"Xisco Feij\u00f3o","article_modified_time":"2025-05-28T12:07:50+00:00","og_image":[{"url":"https:\/\/xiscofeijoo.com\/wp-content\/uploads\/2025\/05\/Foto-1-Contacto.jpg","type":"","width":"","height":""}],"twitter_card":"summary_large_image","schema":{"@context":"https:\/\/schema.org","@graph":[{"@type":"WebPage","@id":"https:\/\/xiscofeijoo.com\/contacto\/","url":"https:\/\/xiscofeijoo.com\/contacto\/","name":"Contacto - Xisco Feij\u00f3o","isPartOf":{"@id":"http:\/\/xiscofeijoo.com\/#website"},"primaryImageOfPage":{"@id":"https:\/\/xiscofeijoo.com\/contacto\/#primaryimage"},"image":{"@id":"https:\/\/xiscofeijoo.com\/contacto\/#primaryimage"},"thumbnailUrl":"https:\/\/xiscofeijoo.com\/wp-content\/uploads\/2025\/05\/Foto-1-Contacto.jpg","datePublished":"2025-05-23T11:15:47+00:00","dateModified":"2025-05-28T12:07:50+00:00","breadcrumb":{"@id":"https:\/\/xiscofeijoo.com\/contacto\/#breadcrumb"},"inLanguage":"es","potentialAction":[{"@type":"ReadAction","target":["https:\/\/xiscofeijoo.com\/contacto\/"]}]},{"@type":"ImageObject","inLanguage":"es","@id":"https:\/\/xiscofeijoo.com\/contacto\/#primaryimage","url":"https:\/\/xiscofeijoo.com\/wp-content\/uploads\/2025\/05\/Foto-1-Contacto.jpg","contentUrl":"https:\/\/xiscofeijoo.com\/wp-content\/uploads\/2025\/05\/Foto-1-Contacto.jpg"},{"@type":"BreadcrumbList","@id":"https:\/\/xiscofeijoo.com\/contacto\/#breadcrumb","itemListElement":[{"@type":"ListItem","position":1,"name":"Portada","item":"http:\/\/xiscofeijoo.com\/"},{"@type":"ListItem","position":2,"name":"Contacto"}]},{"@type":"WebSite","@id":"http:\/\/xiscofeijoo.com\/#website","url":"http:\/\/xiscofeijoo.com\/","name":"Xisco Feij\u00f3o","description":"","publisher":{"@id":"http:\/\/xiscofeijoo.com\/#organization"},"potentialAction":[{"@type":"SearchAction","target":{"@type":"EntryPoint","urlTemplate":"http:\/\/xiscofeijoo.com\/?s={search_term_string}"},"query-input":{"@type":"PropertyValueSpecification","valueRequired":true,"valueName":"search_term_string"}}],"inLanguage":"es"},{"@type":"Organization","@id":"http:\/\/xiscofeijoo.com\/#organization","name":"Xisco Feij\u00f3o","url":"http:\/\/xiscofeijoo.com\/","logo":{"@type":"ImageObject","inLanguage":"es","@id":"http:\/\/xiscofeijoo.com\/#\/schema\/logo\/image\/","url":"http:\/\/xiscofeijoo.com\/wp-content\/uploads\/2025\/05\/logo.png","contentUrl":"http:\/\/xiscofeijoo.com\/wp-content\/uploads\/2025\/05\/logo.png","width":253,"height":130,"caption":"Xisco Feij\u00f3o"},"image":{"@id":"http:\/\/xiscofeijoo.com\/#\/schema\/logo\/image\/"},"sameAs":["https:\/\/www.instagram.com\/xisco.feijoo\/","https:\/\/www.youtube.com\/channel\/UCIiSVRqxjdbXT5rrGwD8QLQ"]}]}},"_links":{"self":[{"href":"https:\/\/xiscofeijoo.com\/es\/wp-json\/wp\/v2\/pages\/371","targetHints":{"allow":["GET"]}}],"collection":[{"href":"https:\/\/xiscofeijoo.com\/es\/wp-json\/wp\/v2\/pages"}],"about":[{"href":"https:\/\/xiscofeijoo.com\/es\/wp-json\/wp\/v2\/types\/page"}],"author":[{"embeddable":true,"href":"https:\/\/xiscofeijoo.com\/es\/wp-json\/wp\/v2\/users\/1"}],"replies":[{"embeddable":true,"href":"https:\/\/xiscofeijoo.com\/es\/wp-json\/wp\/v2\/comments?post=371"}],"version-history":[{"count":13,"href":"https:\/\/xiscofeijoo.com\/es\/wp-json\/wp\/v2\/pages\/371\/revisions"}],"predecessor-version":[{"id":556,"href":"https:\/\/xiscofeijoo.com\/es\/wp-json\/wp\/v2\/pages\/371\/revisions\/556"}],"wp:attachment":[{"href":"https:\/\/xiscofeijoo.com\/es\/wp-json\/wp\/v2\/media?parent=371"}],"curies":[{"name":"wp","href":"https:\/\/api.w.org\/{rel}","templated":true}]}}